{"id":845861,"date":"2024-07-04T01:50:08","date_gmt":"2024-07-04T01:50:08","guid":{"rendered":"https:\/\/www.supercars.net\/blog\/?page_id=845861"},"modified":"2024-07-04T03:01:34","modified_gmt":"2024-07-04T03:01:34","slug":"nurburgring-lap-times","status":"publish","type":"page","link":"https:\/\/www.supercars.net\/blog\/supercar-lists\/nurburgring-lap-times\/","title":{"rendered":"Fastest N\u00fcrburgring Lap Times"},"content":{"rendered":"<h1 style=\"text-align: center;\">Fastest N\u00fcrburgring Lap Times<\/h1>\n<h3 style=\"text-align: center;\">N\u00fcrburgring Nordschleife Lap Times &amp; Records<\/h3>\n<p style=\"text-align: center;\"><span style=\"font-size: 18px\">Encircling the village of N\u00fcrburg, Germany, the N\u00fcrburgring course is every professional driver\u2019s dream\u2026and hellish nightmare. The Nurburgring Nordschleife is one of the best, most intimidating and most famous tracks in the world. The \u201cThe Green Hell\u201d lap record has been the target of just about every auto manufacturer. It is&nbsp;a&nbsp;key reference point for comparing cars and competing for bragging rights. We\u2019ve compiled a list of the&nbsp;Top 100 N\u00fcrburgring Lap Times, focused largely on Production Road Cars.&nbsp;For the sake of reference, a production road car is defined as \u201cone that is put into mass production, as a model produced in large numbers and offered for sale to the public.\u201d Don\u2019t forget to check out the full list of cars with a&nbsp;top speed of&nbsp;200mph,&nbsp;cars with highest power to weight ratios&nbsp;or more as well as our other&nbsp;supercar lists. The Nurburgring lap time has become a key reference point for manufacturers when comparing cars to rivals and competing for bragging rights. The Nordschleife, or \u201cnorth circuit\u201d is a 12.9-mile lap through dense forests that has 1,000 feet of elevation change. It is a tough road, one of the most difficult, dangerous and demanding circuits&nbsp;in existence.<\/span><\/p>\n<p style=\"text-align: center;\"><a href=\"#block-wrap-48824\" rel=\"\"><span style=\"font-size: 18px\">500+ Lap Times<\/span><\/a><span style=\"font-size: 18px\"> \/ <\/span><a href=\"#block-wrap-43647\" rel=\"\"><span style=\"font-size: 18px\">The Track Map<\/span><\/a><span style=\"font-size: 18px\"> \/ <\/span><a href=\"#block-wrap-66950\" rel=\"\"><span style=\"font-size: 18px\">The Fastest Times<\/span><\/a><\/p>\n<p><img decoding=\"async\" src=\"https:\/\/www.supercars.net\/blog\/wp-content\/uploads\/2024\/07\/brecht-denil-w-K9Ni_cIoo-unsplash-scaled.jpg\"><\/p>\n<h2 style=\"text-align: center;\">Fastest Nurburgring Nordschleife Track Times<\/h2>\n<p><span style=\"font-size: 18px\">Encircling the village of N\u00fcrburg, Germany, the N\u00fcrburgring course is every professional driver\u2019s dream\u2026and hellish nightmare. The Nurburgring Nordschleife is one of the best, most intimidating and most famous tracks in the world. The \u201cThe Green Hell\u201d lap record has been the target of just about every auto manufacturer. It is&nbsp;a&nbsp;key reference point for comparing cars and competing for bragging rights.<\/span><\/p>\n<p><span style=\"font-size: 18px\">We\u2019ve compiled a list of the&nbsp;Top 100 N\u00fcrburgring Lap Times, focused largely on Production Road Cars.&nbsp;For the sake of reference, a production road car is defined as \u201cone that is put into mass production, as a model produced in large numbers and offered for sale to the public.\u201d Don\u2019t forget to check out the full list of cars with a&nbsp;top speed of&nbsp;200mph,&nbsp;cars with highest power to weight ratios&nbsp;or more as well as our other&nbsp;supercar lists. The Nurburgring lap time has become a key reference point for manufacturers when comparing cars to rivals and competing for bragging rights. The Nordschleife, or \u201cnorth circuit\u201d is a 12.9-mile lap through dense forests that has 1,000 feet of elevation change. It is a tough road, one of the most difficult, dangerous and demanding circuits&nbsp;in existence.<\/span><\/p>\n<p><span style=\"font-size: 18px\">Over the years, car manufacturers such as Aston Martin, Porsche, BMW, and more have put their cars through the rigors this course demands. More recently, the likes of small outfits like Radical and even large guys like Nissan have called N\u00fcrburgring home as they hone their machines for outright bragging rights. We\u2019re constantly updating our list of N\u00fcrburgring Nordschleife lap times, but if we miss anything please let us know and we\u2019ll be quick to make it right.<\/span><\/p>\n<div class=\"wpdt-c\">\n    <div class=\"alert alert-danger m-10\" role=\"alert\">\n        <span class=\"wdt-alert-title f-600\">Error<br><\/span>\n        <span class=\"wdt-alert-subtitle\">You are trying to load a table of an unknown type. Probably you did not activate the addon which is required to use this table type.<\/span>\n    <\/div>\n<\/div>\n<h2 style=\"text-align: center;\"><span style=\"color: #111111\"><span style=\"font-size: 40px\"><span style=\"font-family: DM Serif Display, serif\">Nurburgring Track Map, Germany<\/span><\/span><\/span><\/h2>\n<p style=\"text-align: center;\"><span style=\"font-size: 18px\">Here is the layout and map of the Nurburgring.<\/span><\/p>\n<p><img decoding=\"async\" src=\"https:\/\/www.supercars.net\/blog\/wp-content\/uploads\/2024\/07\/2000px-Circuit_Nurburgring-2013-Nordschleife.svg_.png\"><\/p>\n<h2 style=\"text-align: center;\">Top 10 Fastest Production Cars At The N\u00fcrburgring<\/h2>\n<p style=\"text-align: center;\"><span style=\"font-size: 18px\">The N\u00fcrburgring Nordschleife: a 12.9-mile track with 154 corners, winding through the Eifel mountains. Its constant changes in elevation and complexity make it one of the world&#8217;s most demanding circuits, ideal for testing performance cars and setting records with the fastest vehicles. This legendary track is a battleground for manufacturers vying to break the revered lap record. While not an absolute measure of a car&#8217;s overall performance, a N\u00fcrburgring lap record commands respect from enthusiasts. As a symbol of prestige and a powerful marketing asset, the \u2018Ring continues to reign supreme.<\/span><\/p>\n","protected":false},"excerpt":{"rendered":"<p>Fastest N\u00fcrburgring Lap Times N\u00fcrburgring Nordschleife Lap Times &amp; Records Encircling the village of N\u00fcrburg, Germany, the N\u00fcrburgring course is every professional driver\u2019s dream\u2026and hellish nightmare. The Nurburgring Nordschleife is one of the best, most intimidating and most famous tracks in the world. The \u201cThe Green Hell\u201d lap record has been the target of just about every auto manufacturer. It is&nbsp;a&nbsp;key reference point for comparing cars and competing for bragging rights. We\u2019ve compiled a list of the&nbsp;Top 100 N\u00fcrburgring Lap [&hellip;]<\/p>\n","protected":false},"author":1,"featured_media":845862,"parent":353570,"menu_order":0,"comment_status":"closed","ping_status":"closed","template":"","meta":{"footnotes":""},"class_list":["post-845861","page","type-page","status-publish","has-post-thumbnail","hentry"],"yoast_head":"<!-- This site is optimized with the Yoast SEO plugin v27.5 - https:\/\/yoast.com\/product\/yoast-seo-wordpress\/ -->\n<title>Fastest N\u00fcrburgring Lap Times<\/title>\n<meta name=\"description\" content=\"The N\u00fcrburgring Nordschleife has become a benchmark location for the modern performance car, and we\u2019ve listed every official lap time we could find.\" \/>\n<meta name=\"robots\" content=\"index, follow, max-snippet:-1, max-image-preview:large, max-video-preview:-1\" \/>\n<link rel=\"canonical\" href=\"https:\/\/www.supercars.net\/blog\/supercar-lists\/nurburgring-lap-times\/\" \/>\n<meta property=\"og:locale\" content=\"en_US\" \/>\n<meta property=\"og:type\" content=\"article\" \/>\n<meta property=\"og:title\" content=\"Fastest N\u00fcrburgring Lap Times\" \/>\n<meta property=\"og:description\" content=\"The N\u00fcrburgring Nordschleife has become a benchmark location for the modern performance car, and we\u2019ve listed every official lap time we could find.\" \/>\n<meta property=\"og:url\" content=\"https:\/\/www.supercars.net\/blog\/supercar-lists\/nurburgring-lap-times\/\" \/>\n<meta property=\"og:site_name\" content=\"Supercars.net\" \/>\n<meta property=\"article:publisher\" content=\"https:\/\/www.facebook.com\/Supercars.net\/\" \/>\n<meta property=\"article:modified_time\" content=\"2024-07-04T03:01:34+00:00\" \/>\n<meta property=\"og:image\" content=\"https:\/\/www.supercars.net\/blog\/wp-content\/uploads\/2024\/07\/brecht-denil-w-K9Ni_cIoo-unsplash-scaled.jpg\" \/>\n\t<meta property=\"og:image:width\" content=\"1707\" \/>\n\t<meta property=\"og:image:height\" content=\"2560\" \/>\n\t<meta property=\"og:image:type\" content=\"image\/jpeg\" \/>\n<meta name=\"twitter:card\" content=\"summary_large_image\" \/>\n<meta name=\"twitter:site\" content=\"@supercars_net\" \/>\n<meta name=\"twitter:label1\" content=\"Est. reading time\" \/>\n\t<meta name=\"twitter:data1\" content=\"6 minutes\" \/>\n<script type=\"application\/ld+json\" class=\"yoast-schema-graph\">{\"@context\":\"https:\\\/\\\/schema.org\",\"@graph\":[{\"@type\":\"WebPage\",\"@id\":\"https:\\\/\\\/www.supercars.net\\\/blog\\\/supercar-lists\\\/nurburgring-lap-times\\\/\",\"url\":\"https:\\\/\\\/www.supercars.net\\\/blog\\\/supercar-lists\\\/nurburgring-lap-times\\\/\",\"name\":\"Fastest N\u00fcrburgring Lap Times\",\"isPartOf\":{\"@id\":\"https:\\\/\\\/www.supercars.net\\\/blog\\\/#website\"},\"primaryImageOfPage\":{\"@id\":\"https:\\\/\\\/www.supercars.net\\\/blog\\\/supercar-lists\\\/nurburgring-lap-times\\\/#primaryimage\"},\"image\":{\"@id\":\"https:\\\/\\\/www.supercars.net\\\/blog\\\/supercar-lists\\\/nurburgring-lap-times\\\/#primaryimage\"},\"thumbnailUrl\":\"https:\\\/\\\/www.supercars.net\\\/blog\\\/wp-content\\\/uploads\\\/2024\\\/07\\\/brecht-denil-w-K9Ni_cIoo-unsplash-scaled.jpg\",\"datePublished\":\"2024-07-04T01:50:08+00:00\",\"dateModified\":\"2024-07-04T03:01:34+00:00\",\"description\":\"The N\u00fcrburgring Nordschleife has become a benchmark location for the modern performance car, and we\u2019ve listed every official lap time we could find.\",\"breadcrumb\":{\"@id\":\"https:\\\/\\\/www.supercars.net\\\/blog\\\/supercar-lists\\\/nurburgring-lap-times\\\/#breadcrumb\"},\"inLanguage\":\"en-US\",\"potentialAction\":[{\"@type\":\"ReadAction\",\"target\":[\"https:\\\/\\\/www.supercars.net\\\/blog\\\/supercar-lists\\\/nurburgring-lap-times\\\/\"]}]},{\"@type\":\"ImageObject\",\"inLanguage\":\"en-US\",\"@id\":\"https:\\\/\\\/www.supercars.net\\\/blog\\\/supercar-lists\\\/nurburgring-lap-times\\\/#primaryimage\",\"url\":\"https:\\\/\\\/www.supercars.net\\\/blog\\\/wp-content\\\/uploads\\\/2024\\\/07\\\/brecht-denil-w-K9Ni_cIoo-unsplash-scaled.jpg\",\"contentUrl\":\"https:\\\/\\\/www.supercars.net\\\/blog\\\/wp-content\\\/uploads\\\/2024\\\/07\\\/brecht-denil-w-K9Ni_cIoo-unsplash-scaled.jpg\",\"width\":1707,\"height\":2560},{\"@type\":\"BreadcrumbList\",\"@id\":\"https:\\\/\\\/www.supercars.net\\\/blog\\\/supercar-lists\\\/nurburgring-lap-times\\\/#breadcrumb\",\"itemListElement\":[{\"@type\":\"ListItem\",\"position\":1,\"name\":\"Home\",\"item\":\"https:\\\/\\\/www.supercars.net\\\/blog\\\/\"},{\"@type\":\"ListItem\",\"position\":2,\"name\":\"Supercar Lists\",\"item\":\"https:\\\/\\\/www.supercars.net\\\/blog\\\/supercar-lists\\\/\"},{\"@type\":\"ListItem\",\"position\":3,\"name\":\"Fastest N\u00fcrburgring Lap Times\"}]},{\"@type\":\"WebSite\",\"@id\":\"https:\\\/\\\/www.supercars.net\\\/blog\\\/#website\",\"url\":\"https:\\\/\\\/www.supercars.net\\\/blog\\\/\",\"name\":\"Supercars.net\",\"description\":\"Exotic and Supercar news, information, pictures and videos\",\"potentialAction\":[{\"@type\":\"SearchAction\",\"target\":{\"@type\":\"EntryPoint\",\"urlTemplate\":\"https:\\\/\\\/www.supercars.net\\\/blog\\\/?s={search_term_string}\"},\"query-input\":{\"@type\":\"PropertyValueSpecification\",\"valueRequired\":true,\"valueName\":\"search_term_string\"}}],\"inLanguage\":\"en-US\"}]}<\/script>\n<!-- \/ Yoast SEO plugin. -->","yoast_head_json":{"title":"Fastest N\u00fcrburgring Lap Times","description":"The N\u00fcrburgring Nordschleife has become a benchmark location for the modern performance car, and we\u2019ve listed every official lap time we could find.","robots":{"index":"index","follow":"follow","max-snippet":"max-snippet:-1","max-image-preview":"max-image-preview:large","max-video-preview":"max-video-preview:-1"},"canonical":"https:\/\/www.supercars.net\/blog\/supercar-lists\/nurburgring-lap-times\/","og_locale":"en_US","og_type":"article","og_title":"Fastest N\u00fcrburgring Lap Times","og_description":"The N\u00fcrburgring Nordschleife has become a benchmark location for the modern performance car, and we\u2019ve listed every official lap time we could find.","og_url":"https:\/\/www.supercars.net\/blog\/supercar-lists\/nurburgring-lap-times\/","og_site_name":"Supercars.net","article_publisher":"https:\/\/www.facebook.com\/Supercars.net\/","article_modified_time":"2024-07-04T03:01:34+00:00","og_image":[{"width":1707,"height":2560,"url":"https:\/\/www.supercars.net\/blog\/wp-content\/uploads\/2024\/07\/brecht-denil-w-K9Ni_cIoo-unsplash-scaled.jpg","type":"image\/jpeg"}],"twitter_card":"summary_large_image","twitter_site":"@supercars_net","twitter_misc":{"Est. reading time":"6 minutes"},"schema":{"@context":"https:\/\/schema.org","@graph":[{"@type":"WebPage","@id":"https:\/\/www.supercars.net\/blog\/supercar-lists\/nurburgring-lap-times\/","url":"https:\/\/www.supercars.net\/blog\/supercar-lists\/nurburgring-lap-times\/","name":"Fastest N\u00fcrburgring Lap Times","isPartOf":{"@id":"https:\/\/www.supercars.net\/blog\/#website"},"primaryImageOfPage":{"@id":"https:\/\/www.supercars.net\/blog\/supercar-lists\/nurburgring-lap-times\/#primaryimage"},"image":{"@id":"https:\/\/www.supercars.net\/blog\/supercar-lists\/nurburgring-lap-times\/#primaryimage"},"thumbnailUrl":"https:\/\/www.supercars.net\/blog\/wp-content\/uploads\/2024\/07\/brecht-denil-w-K9Ni_cIoo-unsplash-scaled.jpg","datePublished":"2024-07-04T01:50:08+00:00","dateModified":"2024-07-04T03:01:34+00:00","description":"The N\u00fcrburgring Nordschleife has become a benchmark location for the modern performance car, and we\u2019ve listed every official lap time we could find.","breadcrumb":{"@id":"https:\/\/www.supercars.net\/blog\/supercar-lists\/nurburgring-lap-times\/#breadcrumb"},"inLanguage":"en-US","potentialAction":[{"@type":"ReadAction","target":["https:\/\/www.supercars.net\/blog\/supercar-lists\/nurburgring-lap-times\/"]}]},{"@type":"ImageObject","inLanguage":"en-US","@id":"https:\/\/www.supercars.net\/blog\/supercar-lists\/nurburgring-lap-times\/#primaryimage","url":"https:\/\/www.supercars.net\/blog\/wp-content\/uploads\/2024\/07\/brecht-denil-w-K9Ni_cIoo-unsplash-scaled.jpg","contentUrl":"https:\/\/www.supercars.net\/blog\/wp-content\/uploads\/2024\/07\/brecht-denil-w-K9Ni_cIoo-unsplash-scaled.jpg","width":1707,"height":2560},{"@type":"BreadcrumbList","@id":"https:\/\/www.supercars.net\/blog\/supercar-lists\/nurburgring-lap-times\/#breadcrumb","itemListElement":[{"@type":"ListItem","position":1,"name":"Home","item":"https:\/\/www.supercars.net\/blog\/"},{"@type":"ListItem","position":2,"name":"Supercar Lists","item":"https:\/\/www.supercars.net\/blog\/supercar-lists\/"},{"@type":"ListItem","position":3,"name":"Fastest N\u00fcrburgring Lap Times"}]},{"@type":"WebSite","@id":"https:\/\/www.supercars.net\/blog\/#website","url":"https:\/\/www.supercars.net\/blog\/","name":"Supercars.net","description":"Exotic and Supercar news, information, pictures and videos","potentialAction":[{"@type":"SearchAction","target":{"@type":"EntryPoint","urlTemplate":"https:\/\/www.supercars.net\/blog\/?s={search_term_string}"},"query-input":{"@type":"PropertyValueSpecification","valueRequired":true,"valueName":"search_term_string"}}],"inLanguage":"en-US"}]}},"_links":{"self":[{"href":"https:\/\/www.supercars.net\/blog\/wp-json\/wp\/v2\/pages\/845861","targetHints":{"allow":["GET"]}}],"collection":[{"href":"https:\/\/www.supercars.net\/blog\/wp-json\/wp\/v2\/pages"}],"about":[{"href":"https:\/\/www.supercars.net\/blog\/wp-json\/wp\/v2\/types\/page"}],"author":[{"embeddable":true,"href":"https:\/\/www.supercars.net\/blog\/wp-json\/wp\/v2\/users\/1"}],"replies":[{"embeddable":true,"href":"https:\/\/www.supercars.net\/blog\/wp-json\/wp\/v2\/comments?post=845861"}],"version-history":[{"count":0,"href":"https:\/\/www.supercars.net\/blog\/wp-json\/wp\/v2\/pages\/845861\/revisions"}],"up":[{"embeddable":true,"href":"https:\/\/www.supercars.net\/blog\/wp-json\/wp\/v2\/pages\/353570"}],"wp:featuredmedia":[{"embeddable":true,"href":"https:\/\/www.supercars.net\/blog\/wp-json\/wp\/v2\/media\/845862"}],"wp:attachment":[{"href":"https:\/\/www.supercars.net\/blog\/wp-json\/wp\/v2\/media?parent=845861"}],"curies":[{"name":"wp","href":"https:\/\/api.w.org\/{rel}","templated":true}]}}